{"id":1721,"date":"2022-03-05T06:03:19","date_gmt":"2022-03-05T06:03:19","guid":{"rendered":"http:\/\/periodicodimineralogia.com\/?page_id=1626"},"modified":"2025-04-16T11:30:10","modified_gmt":"2025-04-16T11:30:10","slug":"86-4","status":"publish","type":"page","link":"http:\/\/periodicodimineralogia.com\/index.php\/86-4\/","title":{"rendered":"86-4"},"content":{"rendered":"\n<h1 class=\"wp-block-heading has-text-align-center\">Volume 86, No. 4<\/h1>\n\n\n\n<figure class=\"wp-block-table is-style-stripes\"><table><tbody><tr><td>1.<\/td><td><strong><a href=\"http:\/\/periodicodimineralogia.com\/wp-content\/uploads\/2022\/03\/20178641-1.pdf\" data-type=\"URL\" data-id=\"http:\/\/periodicodimineralogia.com\/wp-content\/uploads\/2022\/03\/20178641-1.pdf\" target=\"_blank\" rel=\"noreferrer noopener\">microRNA a macro Revolution in Medical Biotechnologies<\/a><\/strong><br>MIHAI BURLIBA\u015eA, LILIANA BURLIBA\u015eA, LORELAI BIANCA GAVRIL\u0102, VALERIA ROSALINDA GAVRIL\u0102, LUCIAN GAVRIL\u0102<\/td><\/tr><tr><td>2.<\/td><td><strong><a href=\"http:\/\/periodicodimineralogia.com\/wp-content\/uploads\/2022\/03\/20178642.pdf\" data-type=\"URL\" data-id=\"http:\/\/periodicodimineralogia.com\/wp-content\/uploads\/2022\/03\/20178642.pdf\" target=\"_blank\" rel=\"noreferrer noopener\">Bacterial Resistance to Antimicrobial Agents and Microbiological Quality among Escherichia coli Isolated from Dry Fishes in Southeast Coast of India<\/a><\/strong><br>P. ASHOK KUMAR<\/td><\/tr><tr><td>3.<\/td><td><strong><a href=\"http:\/\/periodicodimineralogia.com\/wp-content\/uploads\/2022\/03\/20178643-1.pdf\" data-type=\"URL\" data-id=\"http:\/\/periodicodimineralogia.com\/wp-content\/uploads\/2022\/03\/20178643-1.pdf\" target=\"_blank\" rel=\"noreferrer noopener\">Study on thermal behavior of some new diazoaminoderivatives<\/a><\/strong><br>ANCA MIHAELA MOCANU, LUCIA ODOCHIAN, GABRIELA CARJA, CORNELIU ONISCU<\/td><\/tr><tr><td>5.<\/td><td><strong><a href=\"http:\/\/periodicodimineralogia.com\/wp-content\/uploads\/2022\/03\/20178645.pdf\" data-type=\"URL\" data-id=\"http:\/\/periodicodimineralogia.com\/wp-content\/uploads\/2022\/03\/20178645.pdf\" target=\"_blank\" rel=\"noreferrer noopener\">The synthesis and modelling of the obtaining process of 1-[4\u2019-(theophyllin- 7-yl) sulfonyl \u2013 2 \u2013 methyl \u2013 phenoxyacetyl] -3,5-dimethyl pyrazole<\/a><\/strong><br>ANGELA ANTOCHI, CORNELIU ONISCU, DENISA ILEANA NISTOR, DORU NECULAI MIRON<\/td><\/tr><tr><td>6.<\/td><td><strong><a href=\"http:\/\/periodicodimineralogia.com\/wp-content\/uploads\/2022\/03\/20178646.pdf\" data-type=\"URL\" data-id=\"http:\/\/periodicodimineralogia.com\/wp-content\/uploads\/2022\/03\/20178646.pdf\" target=\"_blank\" rel=\"noreferrer noopener\">Concentration of Symphytum officinale extracts with cytostatic activity by tangential flow ultrafiltration<\/a><\/strong><br>GABRIELA PAUN ROMAN, ELENA NEAGU, VERONICA MOROEANU, GABRIEL LUCIAN RADU<\/td><\/tr><tr><td>7.<\/td><td><strong><a href=\"http:\/\/periodicodimineralogia.com\/wp-content\/uploads\/2022\/03\/20178647-1.pdf\" data-type=\"URL\" data-id=\"http:\/\/periodicodimineralogia.com\/wp-content\/uploads\/2022\/03\/20178647-1.pdf\" target=\"_blank\" rel=\"noreferrer noopener\">In vitro study regarding the testing of treatments with inhibiting effect on the pathogenic fungi of Alternaria alternata<\/a><\/strong><br>MONA POPA, OANA LIVADARIU, SILVANA DANAILA-GUIDEA, P. NICULITA, JOSEFINA RISTICI, <br>M. RISTICI<\/td><\/tr><tr><td>8.<\/td><td><strong><a href=\"http:\/\/periodicodimineralogia.com\/wp-content\/uploads\/2022\/03\/20178648-1.pdf\" data-type=\"URL\" data-id=\"http:\/\/periodicodimineralogia.com\/wp-content\/uploads\/2022\/03\/20178648-1.pdf\" target=\"_blank\" rel=\"noreferrer noopener\">CG6199LH2a lethal allele from Drosophila melanogaster is a candidate model for investigations on Ehlers-Danlos syndrome<\/a><\/strong><br>MARIAN GRAUR, ALEXANDRU AL. ECOVOIU, ATTILA CRISTIAN RATIU, LORAND SAVU, LUCIAN GAVRILA<\/td><\/tr><tr><td>9.<\/td><td><strong><a href=\"http:\/\/periodicodimineralogia.com\/wp-content\/uploads\/2022\/03\/20178649-1.pdf\" data-type=\"URL\" data-id=\"http:\/\/periodicodimineralogia.com\/wp-content\/uploads\/2022\/03\/20178649-1.pdf\" target=\"_blank\" rel=\"noreferrer noopener\">Aspects concerning validation of a method for chromium content determination in Romanian wines by ETAAS after mi<\/a>crowave mineralization<\/strong><br>M. ARTIMON, I. GH. T\u0102NASE, M. PELE, GH. CAMPEANU, G. VASILE<\/td><\/tr><tr><td>10.<\/td><td><strong><a href=\"http:\/\/periodicodimineralogia.com\/wp-content\/uploads\/2022\/03\/201786410.pdf\" data-type=\"URL\" data-id=\"http:\/\/periodicodimineralogia.com\/wp-content\/uploads\/2022\/03\/201786410.pdf\" target=\"_blank\" rel=\"noreferrer noopener\">The genetic structure of indigenous Romanian Hucul horse breed inferred from microsatellite data<\/a><\/strong><br>S. E. GEORGESCU, MARIA ADINA MANEA, MARIETA COSTACHE<\/td><\/tr><tr><td>11.<\/td><td><strong><a href=\"http:\/\/periodicodimineralogia.com\/wp-content\/uploads\/2022\/03\/201786411-1.pdf\" data-type=\"URL\" data-id=\"http:\/\/periodicodimineralogia.com\/wp-content\/uploads\/2022\/03\/201786411-1.pdf\" target=\"_blank\" rel=\"noreferrer noopener\">Antioxidant activity of sea buckthorn (Hippophae Rhamnoides) extracts compared with common food additives<\/a><\/strong><br>CAMELIA PAPUC, CRISTIANA DIACONESCU, V. NICORESCU<\/td><\/tr><tr><td>12.<\/td><td><strong><a href=\"http:\/\/periodicodimineralogia.com\/wp-content\/uploads\/2022\/03\/201786412-1.pdf\" data-type=\"URL\" data-id=\"http:\/\/periodicodimineralogia.com\/wp-content\/uploads\/2022\/03\/201786412-1.pdf\" target=\"_blank\" rel=\"noreferrer noopener\">Relationships among myrtle accessions from Turkey as revealed by fruit characteristics and RAPD<\/a><\/strong><br>SEDAT SER\u00c7E, \u00d6ZHAN \u015e\u0130M\u015eEK, KAZIM G\u00dcND\u00dcZ, YILDIZ AKA-KA\u00c7AR, SEZA\u0130 ERC\u0130\u015eL\u0130<\/td><\/tr><tr><td>13.<\/td><td><strong><a href=\"http:\/\/periodicodimineralogia.com\/wp-content\/uploads\/2022\/03\/201786413-1.pdf\" data-type=\"URL\" data-id=\"http:\/\/periodicodimineralogia.com\/wp-content\/uploads\/2022\/03\/201786413-1.pdf\" target=\"_blank\" rel=\"noreferrer noopener\">Phenotypical characterization of several lactic acid bacteria strains isolated from wheat\u2019s epiphyte microbiota<\/a><\/strong><br>VASILICA BARBU<\/td><\/tr><\/tbody><\/table><\/figure>\n","protected":false},"excerpt":{"rendered":"<p>Volume 86, No. 4 1. microRNA a macro Revolution in Medical BiotechnologiesMIHAI BURLIBA\u015eA, LILIANA BURLIBA\u015eA, LORELAI BIANCA GAVRIL\u0102, VALERIA ROSALINDA GAVRIL\u0102, LUCIAN GAVRIL\u0102 2. Bacterial Resistance to Antimicrobial Agents and Microbiological Quality among Escherichia coli Isolated from Dry Fishes in Southeast Coast of IndiaP. ASHOK KUMAR 3. Study on thermal behavior of some new diazoaminoderivativesANCA&#8230;<\/p>\n","protected":false},"author":1,"featured_media":0,"parent":0,"menu_order":0,"comment_status":"closed","ping_status":"closed","template":"","meta":{"footnotes":""},"class_list":["post-1721","page","type-page","status-publish","hentry"],"aioseo_notices":[],"_links":{"self":[{"href":"http:\/\/periodicodimineralogia.com\/index.php\/wp-json\/wp\/v2\/pages\/1721","targetHints":{"allow":["GET"]}}],"collection":[{"href":"http:\/\/periodicodimineralogia.com\/index.php\/wp-json\/wp\/v2\/pages"}],"about":[{"href":"http:\/\/periodicodimineralogia.com\/index.php\/wp-json\/wp\/v2\/types\/page"}],"author":[{"embeddable":true,"href":"http:\/\/periodicodimineralogia.com\/index.php\/wp-json\/wp\/v2\/users\/1"}],"replies":[{"embeddable":true,"href":"http:\/\/periodicodimineralogia.com\/index.php\/wp-json\/wp\/v2\/comments?post=1721"}],"version-history":[{"count":2,"href":"http:\/\/periodicodimineralogia.com\/index.php\/wp-json\/wp\/v2\/pages\/1721\/revisions"}],"predecessor-version":[{"id":3800,"href":"http:\/\/periodicodimineralogia.com\/index.php\/wp-json\/wp\/v2\/pages\/1721\/revisions\/3800"}],"wp:attachment":[{"href":"http:\/\/periodicodimineralogia.com\/index.php\/wp-json\/wp\/v2\/media?parent=1721"}],"curies":[{"name":"wp","href":"https:\/\/api.w.org\/{rel}","templated":true}]}}