{"id":1602,"date":"2022-03-04T12:02:08","date_gmt":"2022-03-04T12:02:08","guid":{"rendered":"http:\/\/periodicodimineralogia.com\/?page_id=1602"},"modified":"2022-04-13T12:18:59","modified_gmt":"2022-04-13T12:18:59","slug":"86-3","status":"publish","type":"page","link":"http:\/\/periodicodimineralogia.com\/index.php\/86-3\/","title":{"rendered":"86-3"},"content":{"rendered":"\n<h1 class=\"has-text-align-center wp-block-heading\">Volume 86, No. 3<\/h1>\n\n\n\n<figure class=\"wp-block-table is-style-stripes\"><table><tbody><tr><td>1.<\/td><td><strong><a href=\"http:\/\/periodicodimineralogia.com\/wp-content\/uploads\/2022\/03\/20178631-1.pdf\" data-type=\"URL\" data-id=\"http:\/\/periodicodimineralogia.com\/wp-content\/uploads\/2022\/03\/20178631-1.pdf\" target=\"_blank\" rel=\"noreferrer noopener\">Evaluation of antimicrobial activity of medicinal plant Jatropha podagrica (Hook)<\/a><\/strong><br>BHUSHAN BHASKARWAR, PRAKASH ITANKAR  and ABHAY FULKE<\/td><\/tr><tr><td>2.<\/td><td><strong><a href=\"http:\/\/periodicodimineralogia.com\/wp-content\/uploads\/2022\/03\/20178632-1.pdf\" data-type=\"URL\" data-id=\"http:\/\/periodicodimineralogia.com\/wp-content\/uploads\/2022\/03\/20178632-1.pdf\" target=\"_blank\" rel=\"noreferrer noopener\">Study and modeling of the estherification process of m-nitrobenzoic acid with ethanol<\/a><\/strong><br>RODICA DIACONESCU, CORINA CERNATESCU, ANCA MOCANU, CORNELIU ONISCU, NICOLETA VORNICU, CRISTINA BIBIRE<\/td><\/tr><tr><td>3.<\/td><td><strong><a href=\"http:\/\/periodicodimineralogia.com\/wp-content\/uploads\/2022\/03\/20178633-1.pdf\" data-type=\"URL\" data-id=\"http:\/\/periodicodimineralogia.com\/wp-content\/uploads\/2022\/03\/20178633-1.pdf\" target=\"_blank\" rel=\"noreferrer noopener\">Transposition of P{lacW} gammaCop057302 into the germline of Drosophila melanogaster correlates with retaining of the original insertion<\/a><\/strong><br>ATTILA CRISTIAN RATIU, ALEXANDRU AL. ECOVOIU, MARIAN GRAUR, LORAND SAVU, LUCIAN GAVRILA<\/td><\/tr><tr><td>4.<\/td><td><strong><a href=\"http:\/\/periodicodimineralogia.com\/wp-content\/uploads\/2022\/03\/20178634-1.pdf\" data-type=\"URL\" data-id=\"http:\/\/periodicodimineralogia.com\/wp-content\/uploads\/2022\/03\/20178634-1.pdf\" target=\"_blank\" rel=\"noreferrer noopener\">The release of lasparaginase from hydrogelmagnetic nanoparticles<\/a><\/strong><br>EUGENIA TEODOR , GEORGIANA TRUICA  AND IRINA LUPESCU<\/td><\/tr><tr><td>5.<\/td><td><strong><a href=\"http:\/\/periodicodimineralogia.com\/wp-content\/uploads\/2022\/03\/20178635.pdf\" data-type=\"URL\" data-id=\"http:\/\/periodicodimineralogia.com\/wp-content\/uploads\/2022\/03\/20178635.pdf\" target=\"_blank\" rel=\"noreferrer noopener\">Pretreatment by Ceriporiopsis subvesmispora and Phlebia subserialis of wheat straw and its impact on subsequent sodaAQ and kraftAQ pulping<\/a><\/strong><br>SAIM ATES, YONGHAO NI, CELIL ATIK , SAMI IMAMOGLU<\/td><\/tr><tr><td>6.<\/td><td><strong><a href=\"http:\/\/periodicodimineralogia.com\/wp-content\/uploads\/2022\/03\/20178636.pdf\" data-type=\"URL\" data-id=\"http:\/\/periodicodimineralogia.com\/wp-content\/uploads\/2022\/03\/20178636.pdf\" target=\"_blank\" rel=\"noreferrer noopener\">Manipulation of root biomass and biosynthetic potential of Glycyrrhiza glabra L. plants by Agrobacterium rhizogenes mediated transformation<\/a><\/strong><br>GABRIELA N. TENEA , ALEXANDRINA CALIN , L. GAVRILA, NATALIA CUCU<\/td><\/tr><tr><td>7.<\/td><td><strong><a href=\"http:\/\/periodicodimineralogia.com\/wp-content\/uploads\/2022\/03\/20178637.pdf\" data-type=\"URL\" data-id=\"http:\/\/periodicodimineralogia.com\/wp-content\/uploads\/2022\/03\/20178637.pdf\" target=\"_blank\" rel=\"noreferrer noopener\">Mitigation of salt stress in radish (Raphanus Sativus l.) by plant growth promoting rhizobacteria<\/a><\/strong><br>ERTAN YILDIRIM, METIN TURAN, MESUDE FIGEN DONMEZ<\/td><\/tr><tr><td>8.<\/td><td><strong><a href=\"http:\/\/periodicodimineralogia.com\/wp-content\/uploads\/2022\/03\/20178638.pdf\" data-type=\"URL\" data-id=\"http:\/\/periodicodimineralogia.com\/wp-content\/uploads\/2022\/03\/20178638.pdf\" target=\"_blank\" rel=\"noreferrer noopener\">Original bioactive complexes rich in glycosaminoglycans obtained from small fish<\/a><\/strong><br>NATALIA ROSOIU, ROXANA NITA , LAURA OLARIU, VERONICA DRUMEA, DIANA MANUELA ENE<\/td><\/tr><tr><td>9.<\/td><td><strong><a href=\"http:\/\/periodicodimineralogia.com\/wp-content\/uploads\/2022\/03\/20178639.pdf\" data-type=\"URL\" data-id=\"http:\/\/periodicodimineralogia.com\/wp-content\/uploads\/2022\/03\/20178639.pdf\" target=\"_blank\" rel=\"noreferrer noopener\">Research regarding the setting up of the Processing Directions of Peach New Cultivars and Hybrids<\/a><\/strong><br>A. VOICU, GH. CAMPEANU, M. BIBICU, A. MOHORA, M. NEGOITA, L. CATANA, M. CATANA<\/td><\/tr><tr><td>10.<\/td><td><strong><a href=\"http:\/\/periodicodimineralogia.com\/wp-content\/uploads\/2022\/03\/201786310.pdf\" data-type=\"URL\" data-id=\"http:\/\/periodicodimineralogia.com\/wp-content\/uploads\/2022\/03\/201786310.pdf\" target=\"_blank\" rel=\"noreferrer noopener\">Chromosomal rearrangements in Chironomus sp. as genosensors for monitoring environmental pollution<\/a><\/strong><br>LUCIAN GAVRIL\u0102, LILIANA BURLIBA\u015eA , MARIA DANIELA U\u015eURELU, IRINA RADU, LAURA MONICA MAGDALENA, AUREL ARDELEAN, MARIAN C\u0102R\u0102BA\u015e<\/td><\/tr><tr><td>11.<\/td><td><strong><a href=\"http:\/\/periodicodimineralogia.com\/wp-content\/uploads\/2022\/03\/201786311.pdf\" data-type=\"URL\" data-id=\"http:\/\/periodicodimineralogia.com\/wp-content\/uploads\/2022\/03\/201786311.pdf\" target=\"_blank\" rel=\"noreferrer noopener\">Molecular phylogeny of the Romanian cyprinids from the Danube River<\/a><\/strong><br>C\u0102T\u0102LINA LUCA, ADINA MANEA, ADRIAN LUCA, ANCA DINISCHIOTU, MARIETA COSTACHE<\/td><\/tr><\/tbody><\/table><\/figure>\n","protected":false},"excerpt":{"rendered":"<p>Volume 86, No. 3 1. Evaluation of antimicrobial activity of medicinal plant Jatropha podagrica (Hook)BHUSHAN BHASKARWAR, PRAKASH ITANKAR and ABHAY FULKE 2. Study and modeling of the estherification process of m-nitrobenzoic acid with ethanolRODICA DIACONESCU, CORINA CERNATESCU, ANCA MOCANU, CORNELIU ONISCU, NICOLETA VORNICU, CRISTINA BIBIRE 3. Transposition of P{lacW} gammaCop057302 into the germline of Drosophila&#8230;<\/p>\n","protected":false},"author":1,"featured_media":0,"parent":0,"menu_order":0,"comment_status":"closed","ping_status":"closed","template":"","meta":{"footnotes":""},"class_list":["post-1602","page","type-page","status-publish","hentry"],"aioseo_notices":[],"_links":{"self":[{"href":"http:\/\/periodicodimineralogia.com\/index.php\/wp-json\/wp\/v2\/pages\/1602","targetHints":{"allow":["GET"]}}],"collection":[{"href":"http:\/\/periodicodimineralogia.com\/index.php\/wp-json\/wp\/v2\/pages"}],"about":[{"href":"http:\/\/periodicodimineralogia.com\/index.php\/wp-json\/wp\/v2\/types\/page"}],"author":[{"embeddable":true,"href":"http:\/\/periodicodimineralogia.com\/index.php\/wp-json\/wp\/v2\/users\/1"}],"replies":[{"embeddable":true,"href":"http:\/\/periodicodimineralogia.com\/index.php\/wp-json\/wp\/v2\/comments?post=1602"}],"version-history":[{"count":1,"href":"http:\/\/periodicodimineralogia.com\/index.php\/wp-json\/wp\/v2\/pages\/1602\/revisions"}],"predecessor-version":[{"id":1817,"href":"http:\/\/periodicodimineralogia.com\/index.php\/wp-json\/wp\/v2\/pages\/1602\/revisions\/1817"}],"wp:attachment":[{"href":"http:\/\/periodicodimineralogia.com\/index.php\/wp-json\/wp\/v2\/media?parent=1602"}],"curies":[{"name":"wp","href":"https:\/\/api.w.org\/{rel}","templated":true}]}}